{"id":16,"date":"2020-11-07T05:26:10","date_gmt":"2020-11-07T04:26:10","guid":{"rendered":"https:\/\/shop.welmat.ci\/?post_type=product&#038;p=16"},"modified":"2020-11-07T05:26:10","modified_gmt":"2020-11-07T04:26:10","slug":"portable-hp-15","status":"publish","type":"product","link":"https:\/\/shop.welmat.ci\/index.php\/product\/portable-hp-15\/","title":{"rendered":"PORTABLE HP 15"},"content":{"rendered":"<ul>\n<li>Type de produit : Ordinateur portable<\/li>\n<li>Gamme de processeurs<\/li>\n<li>Processeur Intel\u00ae Celeron\u00ae<\/li>\n<li>Technologie du processeur<\/li>\n<li>Technologie Intel\u00ae vPro\u2122<\/li>\n<li>Jeu de puces<\/li>\n<li>Intel \u00ae SoC (le jeu de composants est int\u00e9gr\u00e9 avec le processeur)<\/li>\n<li>Dimensions et poids<\/li>\n<li>Dimensions (L x P x H)<\/li>\n<li>38,43 x 25,46 x 2,43 cm<\/li>\n<li>M\u00e9moire<\/li>\n<li>M\u00e9moire<\/li>\n<li>4 Go de m\u00e9moire SDRAM DDR3L-1600 (1 x 4 Go)<\/li>\n<li>(Taux de transfert pouvant atteindre 1600 MT\/s)<\/li>\n<li>Disque interne SATA 500 Go, 5400 tr\/min<\/li>\n<li>Lecteur optique<\/li>\n<li>DVD+\/-RW SuperMulti d. couche<\/li>\n<li>Ecran antireflet ultraplat HD SVA \u00e0 r\u00e9tro\u00e9clairage LED d&#8217;une diagonale de 39.6 cm (15.6 pouces) (1 366 x 768)<\/li>\n<li>Carte graphique<\/li>\n<li>Int\u00e9gr\u00e9:Carte graphique Intel\u00ae HD 400<\/li>\n<li>1 port USB 3.0<\/li>\n<li>2 ports USB 2.0<\/li>\n<li>1 port VGA<\/li>\n<li>1 port HDMI<\/li>\n<li>1 prise combo casque\/microphone<\/li>\n<li>1 alimentation secteur<\/li>\n<li>1 prise RJ-45 9<\/li>\n<li>Emplacements d&#8217;extension<\/li>\n<li>Lecteur de supports num\u00e9riques HP multi-format<\/li>\n<li>(prend en charge SD, SDHC, SDXC)<\/li>\n<li>Audio<\/li>\n<li>Son HD avec DTS Studio Sound\u2122<\/li>\n<li>2 haut-parleurs st\u00e9r\u00e9o int\u00e9gr\u00e9s<\/li>\n<li>Prise en charge du HP Noise Cancellation 2.0<\/li>\n<li>Appareil photo<\/li>\n<li>Cam\u00e9ra VGA HP<\/li>\n<li>Clavier chiclet noir textur\u00e9 au format confortable avec pav\u00e9 num\u00e9rique<\/li>\n<li>Pav\u00e9 tactile avec gestes multipoints activ\u00e9s, touchers activ\u00e9e par d\u00e9faut, prise en charge des gestes trackpad moderne<\/li>\n<li>Communications<\/li>\n<li>Interface r\u00e9seau<\/li>\n<li>Carte r\u00e9seau 10\/100\/1000 GbE int\u00e9gr\u00e9e<\/li>\n<li>Sans fil<\/li>\n<li>Combo Intel Dual Band sans fil AC 3165 802.11a\/b\/g\/n\/ac (1&#215;1) WiFi et Bluetooth\u00ae 4.2 avec Wi-Di;<\/li>\n<li>Sp\u00e9cifications d&#8217;alimentation et de fonctionnement<\/li>\n<li>Alimentation<\/li>\n<li>Adaptateur secteur intelligent 45 W<\/li>\n<li>Type de batterie : Batterie Li-ion, 3 cellules, 31 W\/h<\/li>\n<li>Gestion de la s\u00e9curit\u00e9 : Micrologiciel TPM<\/li>\n<\/ul>\n<p><img loading=\"lazy\" class=\"alignnone size-medium wp-image-18\" src=\"https:\/\/shop.welmat.ci\/wp-content\/uploads\/2020\/11\/hp-pc-portable-15-ay017nf-noir-15-6-4go-win-300x300.jpg\" alt=\"HP 15\" width=\"300\" height=\"300\" srcset=\"https:\/\/shop.welmat.ci\/wp-content\/uploads\/2020\/11\/hp-pc-portable-15-ay017nf-noir-15-6-4go-win-300x300.jpg 300w, https:\/\/shop.welmat.ci\/wp-content\/uploads\/2020\/11\/hp-pc-portable-15-ay017nf-noir-15-6-4go-win-150x150.jpg 150w, https:\/\/shop.welmat.ci\/wp-content\/uploads\/2020\/11\/hp-pc-portable-15-ay017nf-noir-15-6-4go-win-600x600.jpg 600w, https:\/\/shop.welmat.ci\/wp-content\/uploads\/2020\/11\/hp-pc-portable-15-ay017nf-noir-15-6-4go-win-100x100.jpg 100w, https:\/\/shop.welmat.ci\/wp-content\/uploads\/2020\/11\/hp-pc-portable-15-ay017nf-noir-15-6-4go-win.jpg 700w\" sizes=\"(max-width: 300px) 100vw, 300px\" \/><\/p>\n<p>Restez connect\u00e9 avec l&#8217;ordinateur portable HP 15 qui vous offre un bon rapport qualit\u00e9-prix . Venez \u00e0 bout de toutes vos t\u00e2ches professionnelles quotidiennes avec la technologie Intel\u00ae, les outils de collaboration essentiels. Son ch\u00e2ssis r\u00e9sistant le prot\u00e9gera des rigueurs de la journ\u00e9e.<\/p>\n<h3>Conception mobile durable<\/h3>\n<p>Soyez assur\u00e9s que le HP 15 ex\u00e9cute les t\u00e2ches demand\u00e9es, tout simplement. Le ch\u00e2ssis durable prot\u00e8ge l&#8217;ordinateur portable pour qu&#8217;il garde un aspect aussi professionnel que vous.<\/p>\n<h3>Des options qui am\u00e9liorent votre exp\u00e9rience utilisateur<\/h3>\n<p>HP, acteur mondial dans le secteur informatique, vous propose un ordinateur portable enti\u00e8rement fonctionnel (facile \u00e0 connecter \u00e0 vos p\u00e9riph\u00e9riques) qui s&#8217;adaptera parfaitement aux besoins de votre entreprise<a class=\"sup_linked sup_ovw\">3<\/a>.<\/p>\n<h3>Fonctionnalit\u00e9s<\/h3>\n<p>Plus rien ne vous r\u00e9sistera. Assurez l&#8217;avenir de votre entreprise. Les ordinateurs de HP tirent le meilleur parti de Windows pour vous prot\u00e9ger contre les menaces de s\u00e9curit\u00e9 d&#8217;aujourd&#8217;hui et pour optimiser les fonctionnalit\u00e9s de gestion et de productivit\u00e9 des entreprises.<\/p>\n","protected":false},"excerpt":{"rendered":"<p>Restez connect\u00e9 avec l&#8217;ordinateur portable HP 15 qui vous offre un bon rapport qualit\u00e9-prix . Venez \u00e0 bout de toutes vos t\u00e2ches professionnelles quotidiennes avec la technologie Intel\u00ae, les outils de collaboration essentiels. Son ch\u00e2ssis r\u00e9sistant le prot\u00e9gera des rigueurs de la journ\u00e9e.<a class=\"read-more more-link\" href=\"https:\/\/shop.welmat.ci\/index.php\/product\/portable-hp-15\/\">Continue reading<\/a><\/p>\n","protected":false},"featured_media":17,"comment_status":"open","ping_status":"closed","template":"","meta":[],"_links":{"self":[{"href":"https:\/\/shop.welmat.ci\/index.php\/wp-json\/wp\/v2\/product\/16"}],"collection":[{"href":"https:\/\/shop.welmat.ci\/index.php\/wp-json\/wp\/v2\/product"}],"about":[{"href":"https:\/\/shop.welmat.ci\/index.php\/wp-json\/wp\/v2\/types\/product"}],"replies":[{"embeddable":true,"href":"https:\/\/shop.welmat.ci\/index.php\/wp-json\/wp\/v2\/comments?post=16"}],"wp:featuredmedia":[{"embeddable":true,"href":"https:\/\/shop.welmat.ci\/index.php\/wp-json\/wp\/v2\/media\/17"}],"wp:attachment":[{"href":"https:\/\/shop.welmat.ci\/index.php\/wp-json\/wp\/v2\/media?parent=16"}],"curies":[{"name":"wp","href":"https:\/\/api.w.org\/{rel}","templated":true}]}}